{"id":232,"date":"2021-06-23T15:44:21","date_gmt":"2021-06-23T13:44:21","guid":{"rendered":"https:\/\/metasystemportal-leitungsauskunft.de\/?page_id=232"},"modified":"2022-08-29T11:51:35","modified_gmt":"2022-08-29T09:51:35","slug":"koordinierter-leitungsplan","status":"publish","type":"page","link":"https:\/\/metasystemportal-leitungsauskunft.de\/koordinierter-leitungsplan\/","title":{"rendered":"Koordinierter Leitungsplan \u2013 Alle Informationen auf einen Blick"},"content":{"rendered":"\n<figure class=\"wp-block-image size-large is-resized\"><img loading=\"lazy\" decoding=\"async\" src=\"https:\/\/metasystemportal-leitungsauskunft.de\/wp-content\/uploads\/2021\/06\/image.png\" alt=\"\" class=\"wp-image-233\" width=\"1218\" height=\"429\"\/><\/figure>\n\n\n\n<p>Der <strong>Leitungsbestand <\/strong>bei einer geplanten Bauma\u00dfnahme wird durch die technologische Entwicklung <strong>immer komplexer<\/strong> und unz\u00e4hlige <strong>Leitungspl\u00e4ne in Papierform<\/strong> erh\u00f6hen die <strong>Un\u00fcbersichtlichkeit<\/strong> und f\u00f6rdern Fehler.<\/p>\n\n\n\n<p><\/p>\n\n\n\n<p><strong>Behalten Sie den \u00dcberblick<\/strong>, unabh\u00e4ngig von der Gr\u00f6\u00dfe Ihrer Planung bzw. Ihres Bauvorhabens.<\/p>\n\n\n\n<p>Seit 2019 bieten wir die Erstellung von \u201e<strong>koordinierten Leitungspl\u00e4nen<\/strong>\u201c an. Dabei werden <strong>alle Bestandsinformationen<\/strong> \u00fcber die vorhandenen Ver- und Entsorgungseinrichtungen (Wasser, Gas, Elektro, etc.) <strong>in einem Plan digital \u00fcbernommen<\/strong>. Diese besondere Leistung ist im inner\u00f6rtlichen Planungsprozess, bei Trassenprojekten und vielen Leitungskreuzungen von Vorteil.<\/p>\n\n\n\n<p>Eine <strong>\u00fcbersichtliche Darstellung<\/strong> dient der optimalen Wahrnehmung aller gew\u00fcnschten Leitungen und unterst\u00fctzt die Bauherren im Planungs- oder Bauvorhaben.<\/p>\n\n\n\n<p><\/p>\n","protected":false},"excerpt":{"rendered":"<p>Der Leitungsbestand bei einer geplanten Bauma\u00dfnahme wird durch die technologische Entwicklung immer komplexer und unz\u00e4hlige Leitungspl\u00e4ne in Papierform erh\u00f6hen die Un\u00fcbersichtlichkeit und f\u00f6rdern Fehler. Behalten Sie den \u00dcberblick, unabh\u00e4ngig von der Gr\u00f6\u00dfe Ihrer Planung bzw. Ihres Bauvorhabens. Seit 2019 bieten<\/p>\n","protected":false},"author":1,"featured_media":0,"parent":0,"menu_order":0,"comment_status":"closed","ping_status":"closed","template":"","meta":{"footnotes":""},"class_list":["post-232","page","type-page","status-publish","hentry"],"_links":{"self":[{"href":"https:\/\/metasystemportal-leitungsauskunft.de\/wp-json\/wp\/v2\/pages\/232","targetHints":{"allow":["GET"]}}],"collection":[{"href":"https:\/\/metasystemportal-leitungsauskunft.de\/wp-json\/wp\/v2\/pages"}],"about":[{"href":"https:\/\/metasystemportal-leitungsauskunft.de\/wp-json\/wp\/v2\/types\/page"}],"author":[{"embeddable":true,"href":"https:\/\/metasystemportal-leitungsauskunft.de\/wp-json\/wp\/v2\/users\/1"}],"replies":[{"embeddable":true,"href":"https:\/\/metasystemportal-leitungsauskunft.de\/wp-json\/wp\/v2\/comments?post=232"}],"version-history":[{"count":3,"href":"https:\/\/metasystemportal-leitungsauskunft.de\/wp-json\/wp\/v2\/pages\/232\/revisions"}],"predecessor-version":[{"id":534,"href":"https:\/\/metasystemportal-leitungsauskunft.de\/wp-json\/wp\/v2\/pages\/232\/revisions\/534"}],"wp:attachment":[{"href":"https:\/\/metasystemportal-leitungsauskunft.de\/wp-json\/wp\/v2\/media?parent=232"}],"curies":[{"name":"wp","href":"https:\/\/api.w.org\/{rel}","templated":true}]}}