{"id":240,"date":"2021-06-23T16:24:02","date_gmt":"2021-06-23T14:24:02","guid":{"rendered":"https:\/\/metasystemportal-leitungsauskunft.de\/?page_id=240"},"modified":"2022-06-15T15:51:26","modified_gmt":"2022-06-15T13:51:26","slug":"willkommen-beim-geodatendienst-ihr-service-partner-fuer-leitungsauskuenfte","status":"publish","type":"page","link":"https:\/\/metasystemportal-leitungsauskunft.de\/willkommen-beim-geodatendienst-ihr-service-partner-fuer-leitungsauskuenfte\/","title":{"rendered":"Willkommen beim GeoDatenDienst \u2013 Ihr Service-Partner f\u00fcr Leitungsausk\u00fcnfte"},"content":{"rendered":"\n<p>Ob als privater <strong>Bauherr<\/strong> oder <strong>Bauunternehmen<\/strong>: Der <strong>GeoDatenDienst<\/strong> ist die erste Adresse f\u00fcr das Anfragen von Leitungsausk\u00fcnften, Schachtscheinen &amp; Planausk\u00fcnften.<\/p>\n\n\n\n<p>Bauprojekte aller Art sind vor allem mit einer Sache verbunden: Stress! Materialien, Genehmigungen und Vieles mehr muss herangeholt werden.<\/p>\n\n\n\n<p><\/p>\n\n\n\n<div class=\"wp-block-group\"><div class=\"wp-block-group__inner-container is-layout-flow wp-block-group-is-layout-flow\">\n<figure class=\"wp-block-video\"><video autoplay loop src=\"https:\/\/metasystemportal-leitungsauskunft.de\/wp-content\/uploads\/2022\/06\/AdobeStock_129122785_AdobeExpress.mp4\" playsinline style=\"width: 512px\"><\/video><\/figure>\n\n\n\n<p style=\"font-size: larger;\">Doch besonders wichtig: Vor dem Bau m\u00fcssen alle erforderlichen Leitungsausk\u00fcnfte eingeholt werden, um Besch\u00e4digungen an bereits verlegten Leitungen im und \u00fcber dem Erdreich zu vermeiden.<\/p>\n<\/div><\/div>\n","protected":false},"excerpt":{"rendered":"<p>Ob als privater Bauherr oder Bauunternehmen: Der GeoDatenDienst ist die erste Adresse f\u00fcr das Anfragen von Leitungsausk\u00fcnften, Schachtscheinen &amp; Planausk\u00fcnften. Bauprojekte aller Art sind vor allem mit einer Sache verbunden: Stress! Materialien, Genehmigungen und Vieles mehr muss herangeholt werden. Doch<\/p>\n","protected":false},"author":1,"featured_media":0,"parent":0,"menu_order":0,"comment_status":"closed","ping_status":"closed","template":"","meta":{"footnotes":""},"class_list":["post-240","page","type-page","status-publish","hentry"],"_links":{"self":[{"href":"https:\/\/metasystemportal-leitungsauskunft.de\/wp-json\/wp\/v2\/pages\/240","targetHints":{"allow":["GET"]}}],"collection":[{"href":"https:\/\/metasystemportal-leitungsauskunft.de\/wp-json\/wp\/v2\/pages"}],"about":[{"href":"https:\/\/metasystemportal-leitungsauskunft.de\/wp-json\/wp\/v2\/types\/page"}],"author":[{"embeddable":true,"href":"https:\/\/metasystemportal-leitungsauskunft.de\/wp-json\/wp\/v2\/users\/1"}],"replies":[{"embeddable":true,"href":"https:\/\/metasystemportal-leitungsauskunft.de\/wp-json\/wp\/v2\/comments?post=240"}],"version-history":[{"count":19,"href":"https:\/\/metasystemportal-leitungsauskunft.de\/wp-json\/wp\/v2\/pages\/240\/revisions"}],"predecessor-version":[{"id":417,"href":"https:\/\/metasystemportal-leitungsauskunft.de\/wp-json\/wp\/v2\/pages\/240\/revisions\/417"}],"wp:attachment":[{"href":"https:\/\/metasystemportal-leitungsauskunft.de\/wp-json\/wp\/v2\/media?parent=240"}],"curies":[{"name":"wp","href":"https:\/\/api.w.org\/{rel}","templated":true}]}}