{"id":284,"date":"2021-07-05T09:31:20","date_gmt":"2021-07-05T07:31:20","guid":{"rendered":"https:\/\/metasystemportal-leitungsauskunft.de\/?page_id=284"},"modified":"2022-08-29T12:01:02","modified_gmt":"2022-08-29T10:01:02","slug":"digitale-baustellenauskunft-koordinierter-leitungsplan-mobil-auf-der-baustelle","status":"publish","type":"page","link":"https:\/\/metasystemportal-leitungsauskunft.de\/digitale-baustellenauskunft-koordinierter-leitungsplan-mobil-auf-der-baustelle\/","title":{"rendered":"Digitale Baustellenauskunft \u2013 Koordinierter Leitungsplan mobil auf der Baustelle"},"content":{"rendered":"<p>Im Zuge st\u00e4ndiger technischer Weiterentwicklungen haben wir eine App erstellt, die den \u201ekoordinierten Leitungsplan\u201c auf dem mobilen Ger\u00e4t darstellt, mit Raumbezug zum benutzenden Ger\u00e4t (GPS).<\/p>\n\n\n<p>Somit besteht die M\u00f6glichkeit <strong>alle vorher digitalisierten Leitungen vor Ort aufzurufen<\/strong> und die <strong>Leitungsverl\u00e4ufe im Bezug auf den eigenen Standort<\/strong> zur Kenntnis zu nehmen.<\/p>\n\n\n\n<p><\/p>\n\n\n\n<p>Mit Hilfe regional zur Verf\u00fcgung stehender Hintergrundkarten (z.B. Luftbilder) wir die Orientierung enorm erleichtert.<\/p>\n\n\n\n<p>Nicht nur der umweltschonende Aspekt wird an dieser Stelle ber\u00fccksichtigt, sondern auch eine papierlose und damit witterungsunabh\u00e4ngige Wahrnehmung des Leitungsbestandes.<\/p>\n\n\n\n<figure class=\"wp-block-image size-large\"><img loading=\"lazy\" decoding=\"async\" width=\"564\" height=\"571\" src=\"https:\/\/metasystemportal-leitungsauskunft.de\/wp-content\/uploads\/2021\/07\/digitaleBaustellenauskunft.png\" alt=\"\" class=\"wp-image-285\"\/><\/figure>\n","protected":false},"excerpt":{"rendered":"<p>Im Zuge st\u00e4ndiger technischer Weiterentwicklungen haben wir eine App erstellt, die den \u201ekoordinierten Leitungsplan\u201c auf dem mobilen Ger\u00e4t darstellt, mit Raumbezug zum benutzenden Ger\u00e4t (GPS). Somit besteht die M\u00f6glichkeit alle vorher digitalisierten Leitungen vor Ort aufzurufen und die Leitungsverl\u00e4ufe im<\/p>\n","protected":false},"author":1,"featured_media":0,"parent":0,"menu_order":0,"comment_status":"closed","ping_status":"closed","template":"","meta":{"footnotes":""},"class_list":["post-284","page","type-page","status-publish","hentry"],"_links":{"self":[{"href":"https:\/\/metasystemportal-leitungsauskunft.de\/wp-json\/wp\/v2\/pages\/284","targetHints":{"allow":["GET"]}}],"collection":[{"href":"https:\/\/metasystemportal-leitungsauskunft.de\/wp-json\/wp\/v2\/pages"}],"about":[{"href":"https:\/\/metasystemportal-leitungsauskunft.de\/wp-json\/wp\/v2\/types\/page"}],"author":[{"embeddable":true,"href":"https:\/\/metasystemportal-leitungsauskunft.de\/wp-json\/wp\/v2\/users\/1"}],"replies":[{"embeddable":true,"href":"https:\/\/metasystemportal-leitungsauskunft.de\/wp-json\/wp\/v2\/comments?post=284"}],"version-history":[{"count":2,"href":"https:\/\/metasystemportal-leitungsauskunft.de\/wp-json\/wp\/v2\/pages\/284\/revisions"}],"predecessor-version":[{"id":537,"href":"https:\/\/metasystemportal-leitungsauskunft.de\/wp-json\/wp\/v2\/pages\/284\/revisions\/537"}],"wp:attachment":[{"href":"https:\/\/metasystemportal-leitungsauskunft.de\/wp-json\/wp\/v2\/media?parent=284"}],"curies":[{"name":"wp","href":"https:\/\/api.w.org\/{rel}","templated":true}]}}