{"id":287,"date":"2021-07-05T09:34:02","date_gmt":"2021-07-05T07:34:02","guid":{"rendered":"https:\/\/metasystemportal-leitungsauskunft.de\/?page_id=287"},"modified":"2022-08-29T11:55:09","modified_gmt":"2022-08-29T09:55:09","slug":"db-management","status":"publish","type":"page","link":"https:\/\/metasystemportal-leitungsauskunft.de\/db-management\/","title":{"rendered":"DB \u2013 Management"},"content":{"rendered":"\n<p>Die Planung und Verlegung von Leitungen im Verf\u00fcgungsbereich der Deutschen Bahn ist vielf\u00e4ltigen Regularien unterworfen. Die geltenden Kreuzungsrichtlinien, spezielle Verfahrensabl\u00e4ufe und damit verbundene umfangreiche Antragsunterlagen lassen schnell Frust aufkommen und zus\u00e4tzlichen Aufwand entstehen.<\/p>\n\n\n\n<p>Abhilfe schafft unsere Dienstleistung \u201e<strong>DB \u2013 Management<\/strong>\u201c. Wir, die GIS-Dienst GmbH als B\u00fcro mit ingenieurtechnischen Planungserfahrungen, bieten Ihnen <strong>ein professionelles Management in der Antragstellung eines Kreuzungsvertrages mit der Deutschen Bahn<\/strong>. Aus Erfahrung k\u00f6nnen wir die Empfehlung aussprechen, dass gewisse Richtlinien und Handlungsmuster eine Bearbeitung seitens der Deutschen Bahn <strong>\u00fcberhaupt erst erm\u00f6glichen<\/strong>.<\/p>\n\n\n\n<p>Hierbei werden die regionalen Planer in speziellen Bahnbelangen unterst\u00fctzt. In enger Zusammenarbeit mit den Fachplanern werden z.B. Antragsunterlagen, geforderte bahntypische Unterlagen, Pl\u00e4ne erstellt. <strong>Planerische Leistungen sind in der Regel nicht Gegenstand der Dienstleistung<\/strong>. Diese Planungen werden vom Fachplaner \u00fcbernommen und in den Antrag eingearbeitet. <strong>GIS-Dienst stellt die Unterlagen zusammen, reicht sie ein und managt Nachforderungen bis zum Vorliegen des Kreuzungsvertrags.<\/strong><\/p>\n\n\n\n<p>Unser Management wird <strong>strikt nach geltenden Richtlinien<\/strong> der Deutschen Bahn ausgef\u00fchrt, speziell:<\/p>\n\n\n\n<p><strong>&#8211; Gas- und Wasserleitungskreuzungsrichtlinien (Ril 877, GWKR 2012)<br>&#8211; Stromleitungskreuzungsrichtlinien (Ril 878, SKR 2016)<br>&#8211; Telekommunikationskreuzungsrichtlinien (Ril 879, TKR 2016)<\/strong><\/p>\n","protected":false},"excerpt":{"rendered":"<p>Die Planung und Verlegung von Leitungen im Verf\u00fcgungsbereich der Deutschen Bahn ist vielf\u00e4ltigen Regularien unterworfen. Die geltenden Kreuzungsrichtlinien, spezielle Verfahrensabl\u00e4ufe und damit verbundene umfangreiche Antragsunterlagen lassen schnell Frust aufkommen und zus\u00e4tzlichen Aufwand entstehen. Abhilfe schafft unsere Dienstleistung \u201eDB \u2013 Management\u201c.<\/p>\n","protected":false},"author":1,"featured_media":0,"parent":0,"menu_order":0,"comment_status":"closed","ping_status":"closed","template":"","meta":{"footnotes":""},"class_list":["post-287","page","type-page","status-publish","hentry"],"_links":{"self":[{"href":"https:\/\/metasystemportal-leitungsauskunft.de\/wp-json\/wp\/v2\/pages\/287","targetHints":{"allow":["GET"]}}],"collection":[{"href":"https:\/\/metasystemportal-leitungsauskunft.de\/wp-json\/wp\/v2\/pages"}],"about":[{"href":"https:\/\/metasystemportal-leitungsauskunft.de\/wp-json\/wp\/v2\/types\/page"}],"author":[{"embeddable":true,"href":"https:\/\/metasystemportal-leitungsauskunft.de\/wp-json\/wp\/v2\/users\/1"}],"replies":[{"embeddable":true,"href":"https:\/\/metasystemportal-leitungsauskunft.de\/wp-json\/wp\/v2\/comments?post=287"}],"version-history":[{"count":2,"href":"https:\/\/metasystemportal-leitungsauskunft.de\/wp-json\/wp\/v2\/pages\/287\/revisions"}],"predecessor-version":[{"id":535,"href":"https:\/\/metasystemportal-leitungsauskunft.de\/wp-json\/wp\/v2\/pages\/287\/revisions\/535"}],"wp:attachment":[{"href":"https:\/\/metasystemportal-leitungsauskunft.de\/wp-json\/wp\/v2\/media?parent=287"}],"curies":[{"name":"wp","href":"https:\/\/api.w.org\/{rel}","templated":true}]}}