{"id":297,"date":"2022-05-24T11:01:52","date_gmt":"2022-05-24T09:01:52","guid":{"rendered":"https:\/\/metasystemportal-leitungsauskunft.de\/?page_id=297"},"modified":"2022-05-25T10:29:37","modified_gmt":"2022-05-25T08:29:37","slug":"deutschen-bahn-bestandsdokumentation-avani","status":"publish","type":"page","link":"https:\/\/metasystemportal-leitungsauskunft.de\/deutschen-bahn-bestandsdokumentation-avani\/","title":{"rendered":"Deutschen Bahn &#8211; Bestandsdokumentation AVANI"},"content":{"rendered":"\n<p>Sie sind im Auftrag der <strong>Deutschen Bahn<\/strong> t\u00e4tig und erbringen Bau- und Planungsleistungen f\u00fcr Neubau oder Modernisierungsprojekte? Dann konnten Sie bisher anhand der Schlussvermessung und Bestandspl\u00e4ne die erbrachten Leistungen abschlie\u00dfend dokumentieren.<\/p>\n\n\n\n<p>Die Deutsche Bahn AG verlangt nun zus\u00e4tzlich bei Auftragsvergabe im Leistungsverzeichnis <strong>zwingend<\/strong> die Position \u201eAktualisierung der Bestandsdokumentation AVANI\u201c (Analyse, Verwaltung, Abgabe der DB Netz Information \u2013 Einarbeitung der IvL-Pl\u00e4ne, nach Richtlinie 885.0101-885.1101). Diese neue Verwaltungs- und Bestandsstrategie fasst die zuvor parallel gef\u00fchrten Daten\/Infrastruktursysteme in eine einheitliche Datenstruktur zusammen. Durch zus\u00e4tzliche Qualifikationen und Schulungen bei der Deutschen Bahn AG sind unsere Mitarbeiter mit Zertifizierung zur Durchf\u00fchrung der <strong>AVANI \u2013 Bearbeitung berechtigt.<\/strong><\/p>\n\n\n\n<p>F\u00fcr die AVANI- Bearbeitung bieten wir Ihnen, als GIS-Dienst GmbH folgende Dienstleistung an:<\/p>\n\n\n\n<ul class=\"wp-block-list\"><li>Wir holen den AVANI \u2013 Job (Arbeitsauftrag) bei der DB AG ein,<\/li><li>f\u00fchren mit Ihren Daten den AVANI- Bestand fort und<\/li><li>\u00fcbergeben den AVANI \u2013 Job (Arbeitsauftrag) der DB AG.<\/li><\/ul>\n\n\n\n<p>Durch unsere langj\u00e4hrige Erfahrung in den Bereichen Verwaltung, Bearbeitung und Integration von Geodaten ist es uns m\u00f6glich verschiedenste Formate zu verarbeiten. &nbsp;<\/p>\n\n\n\n<figure class=\"wp-block-image size-large\"><img loading=\"lazy\" decoding=\"async\" width=\"1024\" height=\"510\" src=\"https:\/\/metasystemportal-leitungsauskunft.de\/wp-content\/uploads\/2022\/05\/avani-Zeichnung-1024x510.png\" alt=\"Avani DB Bestandsdokumentation\" class=\"wp-image-305\"\/><\/figure>\n","protected":false},"excerpt":{"rendered":"<p>Sie sind im Auftrag der Deutschen Bahn t\u00e4tig und erbringen Bau- und Planungsleistungen f\u00fcr Neubau oder Modernisierungsprojekte? Dann konnten Sie bisher anhand der Schlussvermessung und Bestandspl\u00e4ne die erbrachten Leistungen abschlie\u00dfend dokumentieren. Die Deutsche Bahn AG verlangt nun zus\u00e4tzlich bei Auftragsvergabe<\/p>\n","protected":false},"author":5,"featured_media":303,"parent":0,"menu_order":0,"comment_status":"closed","ping_status":"closed","template":"","meta":{"footnotes":""},"class_list":["post-297","page","type-page","status-publish","has-post-thumbnail","hentry"],"_links":{"self":[{"href":"https:\/\/metasystemportal-leitungsauskunft.de\/wp-json\/wp\/v2\/pages\/297","targetHints":{"allow":["GET"]}}],"collection":[{"href":"https:\/\/metasystemportal-leitungsauskunft.de\/wp-json\/wp\/v2\/pages"}],"about":[{"href":"https:\/\/metasystemportal-leitungsauskunft.de\/wp-json\/wp\/v2\/types\/page"}],"author":[{"embeddable":true,"href":"https:\/\/metasystemportal-leitungsauskunft.de\/wp-json\/wp\/v2\/users\/5"}],"replies":[{"embeddable":true,"href":"https:\/\/metasystemportal-leitungsauskunft.de\/wp-json\/wp\/v2\/comments?post=297"}],"version-history":[{"count":4,"href":"https:\/\/metasystemportal-leitungsauskunft.de\/wp-json\/wp\/v2\/pages\/297\/revisions"}],"predecessor-version":[{"id":308,"href":"https:\/\/metasystemportal-leitungsauskunft.de\/wp-json\/wp\/v2\/pages\/297\/revisions\/308"}],"wp:featuredmedia":[{"embeddable":true,"href":"https:\/\/metasystemportal-leitungsauskunft.de\/wp-json\/wp\/v2\/media\/303"}],"wp:attachment":[{"href":"https:\/\/metasystemportal-leitungsauskunft.de\/wp-json\/wp\/v2\/media?parent=297"}],"curies":[{"name":"wp","href":"https:\/\/api.w.org\/{rel}","templated":true}]}}