{"id":44,"date":"2020-07-16T15:07:51","date_gmt":"2020-07-16T13:07:51","guid":{"rendered":"https:\/\/metasystemportal-leitungsauskunft.de\/?page_id=44"},"modified":"2022-08-29T11:49:15","modified_gmt":"2022-08-29T09:49:15","slug":"ueber-uns-2","status":"publish","type":"page","link":"https:\/\/metasystemportal-leitungsauskunft.de\/ueber-uns-2\/","title":{"rendered":"\u00dcber uns"},"content":{"rendered":"\n<p><strong>Unsere Arbeit ist erst beendet, wenn Ihre Arbeit beginnen kann.<\/strong><\/p>\n\n\n\n<p><strong>Leitungsausk\u00fcnfte<\/strong> einholen in Deutschland. Die Situation ist un\u00fcbersichtlich. Selbst f\u00fcr regional t\u00e4tige Unternehmen ist es immer wieder eine <strong>Herausforderung und ein Zeitaufwand<\/strong>, der die eigentlichen Aufgaben st\u00f6rt.<\/p>\n\n\n\n<p>F\u00fcr Privatpersonen ist sie genau so unverzichtbar, um nicht f\u00fcr die Zerst\u00f6rung von Infrastruktur zu haften. Da die Vorgehensweise meist unbekannt ist, macht sich schnell Frust  breit.<\/p>\n\n\n\n<p>Auch die Digitalisierung bringt in vielen F\u00e4llen keine Vereinfachung. Sie vervielf\u00e4ltigt nur die Kan\u00e4le der Leitungseinholung. Post, E-Mail, Onlineformular, Geodatenportal \u2013 da ist \u00dcbersicht, Erfahrung und langer Atem gefragt.<\/p>\n\n\n\n<p>Die GIS-Dienst GmbH sch\u00f6pft hier Ihre <strong>Expertise aus einer \u00fcber 25-j\u00e4hrigen T\u00e4tigkeit <\/strong>in diesem Dienstleistungssektor. In dieser Zeit haben wir viel erlebt und stellen unsere Erfahrungen unseren Kunden zur Verf\u00fcgung. Von der Plankammer mit Wartezimmer bis zum Onlineportal haben wir die Entwicklung der Leitungsausk\u00fcnfte begleitet und gepr\u00e4gt. Zu jeder Zeit war unsere Arbeit auf Effizienz zum Vorteil unserer Kunden gerichtet. Mit den Mitteln der jeweiligen Zeit haben wir stets f\u00fcr eine qualit\u00e4tsgerechte und schnelle Bereitstellung der Ausk\u00fcnfte gesorgt.<\/p>\n\n\n\n<p><strong>Von Profis f\u00fcr Profis<\/strong><\/p>\n\n\n\n<p>Die weitreichenden Erfahrungen mit der Spezifik der unterschiedlichen Medien entspringen direkt der <strong>DNA der Firma<\/strong>, die seit Ihrer&nbsp; Gr\u00fcndung ingenieurtechnische Planungen und Vermessungen im Tiefbau ausf\u00fchrt und somit auch den gesamten Planungs- und Bauprozess kennt.<\/p>\n\n\n\n<p><strong>\u2026 in stetiger Entwicklung &#8230;<\/strong><\/p>\n\n\n\n<p>Die Evolution ist ein stetiger Prozess der Weiterentwicklung und der optimalen Anpassung an neue Bed\u00fcrfnisse und M\u00f6glichkeiten. So haben wir schon zu einer Zeit zu der kaum jemand von Digitalisierung sprach den <strong>Auskunftsprozess <\/strong>f\u00fcr unsere Kunden im Rahmen unseres Webportals <strong>bundesweit online<\/strong> umgesetzt. Das hatte ab 2012 auch einen wesentlichen <strong>Effektivit\u00e4tssprung f\u00fcr unsere Kunden<\/strong> zur Folge, denn seit dieser Zeit standen die Daten jeder Zeit auch digital f\u00fcr mobile Ger\u00e4te bereit, wenn eine Netzwerkverbindung verf\u00fcgbar war.<\/p>\n\n\n\n<p>Die Effektivit\u00e4t unseres Leitungsauskunfts-Portals wird durch einen stetig wachsenden Kundenstamm und Ihrer Treue zu unserer Dienstleistung tagt\u00e4glich best\u00e4tigt.<\/p>\n\n\n\n<p>Die Portall\u00f6sung als Plattform erm\u00f6glicht selbst f\u00fcr nicht-routinierte Anwender ein professionelles Management und gleichzeitige Archivierung Ihrer wichtigen Dokumente. Das Portal stellt alle Anfragen \u00fcbersichtlich dar und ordnet die Baustellen \/ Vorg\u00e4nge.<\/p>\n\n\n\n<p><strong>Die Zukunft der Leitungsauskunft ist bereits Gegenwart<\/strong><\/p>\n\n\n\n<p>Die Digitalisierung der Leitungsauskunft ist ein Prozess zwischen Antragsteller und Auskunftgeber, den wir \u00fcber das Portal als Plattform so effektiv wie m\u00f6glich gestalten. &nbsp;Durch die Beteiligung an Forschungsvorhaben sind wir heute bereits in der Lage digitale georeferenzierte Daten direkt in den Bagger zu bringen. Nicht mehr ganz neu ist unser Produkt <strong>\u201eKoordinierter Leitungsplan\u201c,<\/strong> der alle Medien digital georeferenziert in einem vereinbarten Format an den Kunden \u00fcbergibt.<\/p>\n\n\n\n<p>Speziell f\u00fcr Kunden, die im Bereich der Deutschen Bahn arbeiten wurden unsere Produkte <strong>DB-Mangement,<\/strong> zur Unterst\u00fctzung unserer Kunden in Antragsverfahren f\u00fcr Leitungskreuzungen und bahnspezifische Lagepl\u00e4ne, entwickelt. Mit der\u201e<strong>Bestandsdokumentation Deutsche Bahn \u2013 Avani\u201c<\/strong> \u2013 sind wir f\u00fcr die richtlinienkonforme Einarbeitung von Daten in das neue AVANI System der Deutschen Bahn zertifiziert.<\/p>\n\n\n\n<p>Diese sich fortentwickelnden Dienstleistungen sind aus unserem Anspruch h\u00f6chster Qualit\u00e4tsstandards gereift. Wir finden stets eine L\u00f6sung und entwickeln Tools zur erfolgreichen Unterst\u00fctzung unserer Kunden bei komplexen Vorhaben im Planungsbereich oder bei Bauma\u00dfnahmen unabh\u00e4ngig vom Auftragsvolumen.<\/p>\n\n\n\n<h3 class=\"wp-block-heading\">Am Sportplatz 10<br>D-04668 Grimma<\/h3>\n\n\n\n<p><strong>Gesch\u00e4ftszeiten<\/strong><\/p>\n\n\n\n<p><strong>E-Mail:<\/strong><\/p>\n\n\n\n<p>Montag bis Freitag: 7\u201318 Uhr<\/p>\n\n\n\n<p><a href=\"mailto:post@gdd-it.de\">post@gis-dienst.de<\/a><\/p>\n","protected":false},"excerpt":{"rendered":"<p>Unsere Arbeit ist erst beendet, wenn Ihre Arbeit beginnen kann. Leitungsausk\u00fcnfte einholen in Deutschland. Die Situation ist un\u00fcbersichtlich. Selbst f\u00fcr regional t\u00e4tige Unternehmen ist es immer wieder eine Herausforderung und ein Zeitaufwand, der die eigentlichen Aufgaben st\u00f6rt. F\u00fcr Privatpersonen ist<\/p>\n","protected":false},"author":1,"featured_media":0,"parent":0,"menu_order":0,"comment_status":"closed","ping_status":"closed","template":"","meta":{"footnotes":""},"class_list":["post-44","page","type-page","status-publish","hentry"],"_links":{"self":[{"href":"https:\/\/metasystemportal-leitungsauskunft.de\/wp-json\/wp\/v2\/pages\/44","targetHints":{"allow":["GET"]}}],"collection":[{"href":"https:\/\/metasystemportal-leitungsauskunft.de\/wp-json\/wp\/v2\/pages"}],"about":[{"href":"https:\/\/metasystemportal-leitungsauskunft.de\/wp-json\/wp\/v2\/types\/page"}],"author":[{"embeddable":true,"href":"https:\/\/metasystemportal-leitungsauskunft.de\/wp-json\/wp\/v2\/users\/1"}],"replies":[{"embeddable":true,"href":"https:\/\/metasystemportal-leitungsauskunft.de\/wp-json\/wp\/v2\/comments?post=44"}],"version-history":[{"count":4,"href":"https:\/\/metasystemportal-leitungsauskunft.de\/wp-json\/wp\/v2\/pages\/44\/revisions"}],"predecessor-version":[{"id":533,"href":"https:\/\/metasystemportal-leitungsauskunft.de\/wp-json\/wp\/v2\/pages\/44\/revisions\/533"}],"wp:attachment":[{"href":"https:\/\/metasystemportal-leitungsauskunft.de\/wp-json\/wp\/v2\/media?parent=44"}],"curies":[{"name":"wp","href":"https:\/\/api.w.org\/{rel}","templated":true}]}}