{"id":48,"date":"2020-07-16T15:09:50","date_gmt":"2020-07-16T13:09:50","guid":{"rendered":"https:\/\/metasystemportal-leitungsauskunft.de\/?page_id=48"},"modified":"2022-06-16T16:28:33","modified_gmt":"2022-06-16T14:28:33","slug":"unsere-dienstleistungen","status":"publish","type":"page","link":"https:\/\/metasystemportal-leitungsauskunft.de\/unsere-dienstleistungen\/","title":{"rendered":"Unsere Dienstleistungen"},"content":{"rendered":"\n<h3 class=\"wp-block-heading\"><strong>Alles Wichtige auf einen Blick<\/strong><\/h3>\n\n\n\n<ul class=\"wp-block-list\"><li><strong>Das Einholen von Leitungsausk\u00fcnften ist sehr ressourcenaufwendig, je nach Betreibern, Gebiet und Projekt<\/strong><\/li><li><strong>Standarddienstleistungen sind eine vergleichsweise preisg\u00fcnstige M\u00f6glichkeit zum Einholen der Leitungsausk\u00fcnfte, oftmals aber nur die halbe Arbeit<\/strong><\/li><li><strong>Die Volldienstleistung des GeoDatenDienst gibt Ihnen die Garantie, dass alle notwendigen Leitungsausk\u00fcnfte eingeholt werden, ohne personellen oder zeitlichen Aufwand von Ihrer Seite<\/strong><\/li><\/ul>\n\n\n\n<h2 class=\"wp-block-heading\"><strong>Bevor der Bau beginnen kann: Leistungsausk\u00fcnfte einholen<\/strong><\/h2>\n\n\n\n<p>Als Dienstleister f\u00fcr Leitungsausk\u00fcnfte ist uns klar: Bei einem Bauprojekt jeder Art kommen viele Faktoren zusammen, die einen reibungslosen Ablauf zu einer Herausforderung machen \u2013 hierbei ist es zweitrangig, ob Sie als privater oder wirtschaftlicher Bauherr t\u00e4tig sind. Doch oftmals ist die vertraglich geregelte Bauzeit f\u00fcr wirtschaftlich t\u00e4tige Bauunternehmen sehr begrenzt. W\u00e4hrend der Bauzeitbeginn meist wenige Wochen nach Gewinn der Ausschreibung liegt, kann das Einholen von Leitungsausk\u00fcnften mitunter mehr als einen Monat dauern. Die Folge: Die Arbeiten k\u00f6nnen nicht beginnen, vertraglich festgesetzte Bauzeiten werden nicht eingehalten, rechtliche Konsequenzen und finanzielle Einbu\u00dfen sind die Folge.<\/p>\n\n\n\n<p>Doch allein die Recherche aller Betreiber f\u00fcr Ihren Baubereich ist bereits enorm zeitaufwendig \u2013letztlich aber nur die halbe Arbeit. Denn die Leitungsausk\u00fcnfte m\u00fcssen Ihnen vor Beginn der Bauarbeiten vorliegen, was aus unterschiedlichen Gr\u00fcnden Zeit beanspruchen kann (Ansprechpartner sind nicht direkt ersichtlich, Betreiber reagieren nur auf hauseigene Formulare etc.). Aus diesem Grund wird das Einholen von Leitungsausk\u00fcnften von erfahrenen Bauherren gerne auf externe Dienstleister \u00fcbertragen (\u201eOutsourcing\u201c).<\/p>\n\n\n\n<p>Der GeoDatenDienst ist ein in diesem Bereich erfahrenes Unternehmen, dass um den Aufwand wei\u00df und Ihnen eine Volldienstleistung anbietet, damit Sie sich anderen wichtigen Vorbereitungen Ihres Bauprojekts widmen k\u00f6nnen.<\/p>\n\n\n\n<p><\/p>\n\n\n\n<h2 class=\"wp-block-heading\"><strong>Das Einholen von Leitungsausk\u00fcnften ist zeitintensiv<\/strong><\/h2>\n\n\n\n<p>Denn gerade Bauunternehmen ist klar: Erst, wenn die Ausschreibung f\u00fcr ein Projekt gewonnen ist, kann sich sinnvoll um das Einholen von Leitungsausk\u00fcnften (auch \u201eSchachtscheine\u201c genannt) gek\u00fcmmert werden. Doch oftmals ist die vertraglich geregelte Bauzeit sehr begrenzt. W\u00e4hrend der Bauzeitbeginn meist wenige Wochen nach Gewinn der Ausschreibung liegt, kann das Einholen von Leitungsausk\u00fcnften mitunter mehr als einen Monat dauern. Die Folge: Die Arbeiten k\u00f6nnen nicht beginnen, vertraglich festgesetzte Bauzeiten werden nicht eingehalten, rechtliche Konsequenzen und finanzielle Einbu\u00dfen sind die Folge.<\/p>\n\n\n\n<p>Denn das Einholen von Leitungsausk\u00fcnften kann eine sehr langwierige Aufgabe sein, auf die Sie als Bauherr nur begrenzt Einfluss nehmen k\u00f6nnen. Zum einen fehlt es an einer offiziellen zust\u00e4ndigen Stelle, die zentral f\u00fcr alle Betreiber beispielsweise eines bestimmten Bundeslandes zust\u00e4ndig ist. Zum anderen ist die Verbreitung von Betreibern und ihre blo\u00dfe Anzahl nur Wenigen bekannt: Neben gro\u00dfen Betreibern, die den st\u00e4dtischen Wasserwerken und Netzbetreibern, wie der Telekom, gibt es mehrere hunderttausend weiterer Betreiber, die in den verschiedenen Bundesl\u00e4ndern Leitungen aller Art im Boden verlegt haben.<br><\/p>\n\n\n\n<h2 class=\"wp-block-heading\"><strong>Wir als Dienstleister f\u00fcr Leitungsausk\u00fcnfte \u00fcbernehmen Ihre Arbeit<\/strong><\/h2>\n\n\n\n<p>Allein die Recherche aller Betreiber f\u00fcr Ihren Baubereich ist also bereits enorm zeitaufwendig \u2013 doch letztlich nur die halbe Arbeit. Denn die Leitungsausk\u00fcnfte m\u00fcssen Ihnen vor Beginn der Bauarbeiten vorliegen, was aus unterschiedlichen Gr\u00fcnden Zeit beanspruchen kann: Nicht immer ist auf der Internetseite des Betreibers direkt ersichtlich, wer f\u00fcr Ihr Anliegen der richtige Ansprechpartner ist, manche Betreiber reagieren nur auf hauseigene Formulare, die zuvor herausgesucht werden m\u00fcssen, um nur zwei Faktoren zu nennen. Aus diesem Grund wird das Einholen von Leitungsausk\u00fcnften von erfahrenen Bauherren gerne auf externe Dienstleister \u00fcbertragen (\u201eOutsourcing\u201c).<\/p>\n\n\n\n<p>Der GeoDatenDienst ist ein in diesem Bereich erfahrenes Unternehmen, dass um den Aufwand wei\u00df und Ihnen eine Volldienstleistung anbietet, damit Sie sich anderen wichtigen Vorbereitungen Ihres Bauprojekts widmen k\u00f6nnen.<br><\/p>\n\n\n\n<h2 class=\"wp-block-heading\"><strong>GeoDatenDienst \u2013 Ihr Service-Partner f\u00fcr Leitungsausk\u00fcnfte<\/strong><\/h2>\n\n\n\n<p>Es gibt verschiedenste Dienstleister in ganz Deutschland, die sich um das Einholen von Leitungsausk\u00fcnften k\u00fcmmern. Das jeweilige Angebot ist jedoch meist nur auf den ersten Blick identisch \u2013 je nach gew\u00fcnschtem Service lohnt sich also ein genauer Blick. Grob unterscheiden lassen sich die Angebote in zwei Kategorien: Die Standarddienstleistung, die von den meisten Leitungsauskunft-Dienstleistern angeboten wird und die Volldienstleistung, die Sie beim GeoDatenDienst erhalten.<br><\/p>\n\n\n\n<h2 class=\"wp-block-heading\"><strong>Die Standarddienstleistung<\/strong><\/h2>\n\n\n\n<p>Der Standard f\u00fcr viele Leitungsauskunft-Dienstleister ist auch der preislich g\u00fcnstigster: Hier geben Sie als Bauherr das Gebiet an (in dem Ihr Projekt durchgef\u00fchrt wird) und die Betreiber-Art (wie bspw. Netzbetreiber), von denen Sie Leitungsausk\u00fcnfte einholen m\u00f6chten. Das System schickt dann automatisiert an alle in dem Gebiet bekannten Betreiber eine elektronische Anfrage. In der preislich g\u00fcnstigsten Variante ist danach vonseiten der Dienstleister die Aufgabe erf\u00fcllt \u2013 es liegt nun an Ihnen als Bauherr notfalls nochmals nachzuhaken, sollte ein Betreiber auf die Anfrage nicht reagieren.<\/p>\n\n\n\n<p>Je nach Leitungsauskunft-Dienstleister und Angebot, wird noch ein- bis zweimal bei den Betreibern nachgefragt, die noch keine Leitungsauskunft verschickt haben.<\/p>\n\n\n\n<p>Die Standarddienstleistung lohnt sich also f\u00fcr die Bauherren, die den personellen und zeitlichen Aufwand leisten k\u00f6nnen, in gewissen F\u00e4llen selbstst\u00e4ndig bei den Betreibern nachzufragen (telefonisch oder per E-Mail-Verkehr), bis alle notwendigen Leitungsausk\u00fcnfte vorliegen.<\/p>\n\n\n\n<h4 class=\"wp-block-heading\"><strong>Vorteile der Standardleistung<\/strong><\/h4>\n\n\n\n<p><strong>+ preislich oftmals die g\u00fcnstigste Variante<\/strong><\/p>\n\n\n\n<p><strong>+ kein vorhandener Rechercheaufwand f\u00fcr Sie als Bauherren<\/strong><\/p>\n\n\n\n<h3 class=\"wp-block-heading\"><strong>Die Volldienstleistung des GeoDatenDienst<\/strong><\/h3>\n\n\n\n<p>Der GeoDatenDienst versteht sich als Volldienstleister f\u00fcr Ihr Anliegen: Unsere Arbeit ist erst erledigt, wenn Ihre beginnen kann. Unsere langj\u00e4hrige Erfahrung zeigt, dass das Recherchieren und einmalige Anfragen vieler Betreiber oftmals nur einen (je nach Projekt auch nur geringen) Teil der Arbeit darstellt. Mit unserem angebotenem Komplettpaket m\u00fcssen Sie sich um das Einholen der notwendigen Leitungsausk\u00fcnfte keine Gedanken mehr machen und k\u00f6nnen Ihre personellen und zeitlichen Ressourcen f\u00fcr andere Bereiche Ihres Bauprojekts nutzen.<br><\/p>\n\n\n\n<h4 class=\"wp-block-heading\"><strong>Anfragen der Betreiber nur der halbe Aufwand<\/strong><\/h4>\n\n\n\n<p>Die Gr\u00fcnde f\u00fcr den hohen Zeitaufwand beim Einholen von Leitungsausk\u00fcnften sind zahlreich: Da es keine offizielle zentrale Stelle f\u00fcr das Einholen f\u00fcr Leitungsausk\u00fcnfte gibt, werden Betreiber von verschiedensten Bauherren und Dienstleistern angefragt. Der personelle Aufwand ist also auch vonseiten der Betreiber sehr hoch und allein dadurch kann es zu Verz\u00f6gerungen kommen, bis eine Antwort vorliegt. Nicht immer ist eindeutig auf der Internetseite erkennbar, welcher Ansprechpartner f\u00fcr Ihr Anliegen der richtige ist. Dies kann dazu f\u00fchren, dass Sie erst nach vielen Telefonaten mit der richtigen Person verbunden werden. Nicht zuletzt wollen Betreiber dem Ansturm an Anfragen zu ihren Leitungsausk\u00fcnften Herr werden, indem sie auf ihrer Internetseite eigene Formulare anbieten. Dies erleichtert den Betreibern die Arbeit, f\u00fchrt aber auch im Gegenzug dazu, dass auf automatisch verschickte Anfragen nicht (oder versp\u00e4tet) reagiert wird.<br><\/p>\n\n\n\n<h3 class=\"wp-block-heading\"><strong>Garantie auf eingeholte Leitungsauskunft<\/strong><\/h3>\n\n\n\n<p>Der GeoDatenDienst gibt Ihnen die Garantie, dass Ihnen alle notwendigen Leitungsausk\u00fcnfte auch vorliegen. Unsere Mitarbeiterinnen und Mitarbeiter \u00fcbernehmen den kompletten Arbeitsaufwand f\u00fcr Sie und nehmen Ihnen alle notwendigen Telefonate und E-Mails ab. So m\u00fcssen Sie sich um den teils aufwendigen Prozess der Leitungsauskunfts-Einholung keine Sorgen machen und k\u00f6nnen Ihre Ressourcen an anderer Stelle nutzen.<br><\/p>\n\n\n\n<h4 class=\"wp-block-heading\"><strong>Vorteile der Volldienstleistung<\/strong><\/h4>\n\n\n\n<p><strong>+ kein vorhandener Rechercheaufwand f\u00fcr Sie als Bauherren<\/strong><\/p>\n\n\n\n<p><strong>+ zeitlichen und personellen Aufwand f\u00fcr das Einholen von Leitungsausk\u00fcnften \u00fcbernimmt der Dienstleister<\/strong><\/p>\n\n\n\n<p><strong>+ Garantie, dass am Ende alle notwendigen Leitungsausk\u00fcnfte vorliegen<\/strong><strong><\/strong><\/p>\n","protected":false},"excerpt":{"rendered":"<p>Alles Wichtige auf einen Blick Das Einholen von Leitungsausk\u00fcnften ist sehr ressourcenaufwendig, je nach Betreibern, Gebiet und Projekt Standarddienstleistungen sind eine vergleichsweise preisg\u00fcnstige M\u00f6glichkeit zum Einholen der Leitungsausk\u00fcnfte, oftmals aber nur die halbe Arbeit Die Volldienstleistung des GeoDatenDienst gibt Ihnen<\/p>\n","protected":false},"author":1,"featured_media":0,"parent":0,"menu_order":0,"comment_status":"closed","ping_status":"closed","template":"","meta":{"footnotes":""},"class_list":["post-48","page","type-page","status-publish","hentry"],"_links":{"self":[{"href":"https:\/\/metasystemportal-leitungsauskunft.de\/wp-json\/wp\/v2\/pages\/48","targetHints":{"allow":["GET"]}}],"collection":[{"href":"https:\/\/metasystemportal-leitungsauskunft.de\/wp-json\/wp\/v2\/pages"}],"about":[{"href":"https:\/\/metasystemportal-leitungsauskunft.de\/wp-json\/wp\/v2\/types\/page"}],"author":[{"embeddable":true,"href":"https:\/\/metasystemportal-leitungsauskunft.de\/wp-json\/wp\/v2\/users\/1"}],"replies":[{"embeddable":true,"href":"https:\/\/metasystemportal-leitungsauskunft.de\/wp-json\/wp\/v2\/comments?post=48"}],"version-history":[{"count":10,"href":"https:\/\/metasystemportal-leitungsauskunft.de\/wp-json\/wp\/v2\/pages\/48\/revisions"}],"predecessor-version":[{"id":430,"href":"https:\/\/metasystemportal-leitungsauskunft.de\/wp-json\/wp\/v2\/pages\/48\/revisions\/430"}],"wp:attachment":[{"href":"https:\/\/metasystemportal-leitungsauskunft.de\/wp-json\/wp\/v2\/media?parent=48"}],"curies":[{"name":"wp","href":"https:\/\/api.w.org\/{rel}","templated":true}]}}