{"id":70,"date":"2020-07-17T06:54:59","date_gmt":"2020-07-17T04:54:59","guid":{"rendered":"https:\/\/metasystemportal-leitungsauskunft.de\/?page_id=70"},"modified":"2022-08-24T17:10:26","modified_gmt":"2022-08-24T15:10:26","slug":"schritt-fuer-schritt","status":"publish","type":"page","link":"https:\/\/metasystemportal-leitungsauskunft.de\/schritt-fuer-schritt\/","title":{"rendered":"Schritt-f\u00fcr-Schritt"},"content":{"rendered":"\n<h2 class=\"wp-block-heading\">Leitungsauskunft anfordern \u2013 Schritt f\u00fcr Schritt<\/h2>\n\n\n\n<p>Wenn Sie \u00fcber unser Portal Leitungsausk\u00fcnfte\/Planausk\u00fcnfte\/Trassenausk\u00fcnfte\/Spartenausk\u00fcnfte\/Netzausk\u00fcnfte anfordern m\u00f6chten, funktioniert das schnell und unkompliziert. <\/p>\n\n\n\n<p>Mit wenigen Klicks k\u00f6nnen Sie f\u00fcr Ihr Bauprojekt ganz individuell koordinierte Leitungspl\u00e4ne erstellen.<br><br><\/p>\n\n\n\n<h3 class=\"wp-block-heading\">Schritt 1: Registrierung\/Anmeldung<\/h3>\n\n\n\n<div class=\"wp-block-media-text alignwide has-media-on-the-right is-stacked-on-mobile\" style=\"grid-template-columns:auto 49%\"><figure class=\"wp-block-media-text__media\"><img loading=\"lazy\" decoding=\"async\" width=\"1024\" height=\"902\" src=\"https:\/\/metasystemportal-leitungsauskunft.de\/wp-content\/uploads\/2022\/05\/Screenshot-Registrierung-3-1024x902.jpg\" alt=\"\" class=\"wp-image-315 size-full\" srcset=\"https:\/\/metasystemportal-leitungsauskunft.de\/wp-content\/uploads\/2022\/05\/Screenshot-Registrierung-3-1024x902.jpg 1024w, https:\/\/metasystemportal-leitungsauskunft.de\/wp-content\/uploads\/2022\/05\/Screenshot-Registrierung-3-300x264.jpg 300w, https:\/\/metasystemportal-leitungsauskunft.de\/wp-content\/uploads\/2022\/05\/Screenshot-Registrierung-3-768x677.jpg 768w, https:\/\/metasystemportal-leitungsauskunft.de\/wp-content\/uploads\/2022\/05\/Screenshot-Registrierung-3.jpg 1053w\" sizes=\"auto, (max-width: 1024px) 100vw, 1024px\" \/><\/figure><div class=\"wp-block-media-text__content\">\n<p><br>Bei einer Erstanmeldung ist eine Registrierung notwendig, in der Sie Ihre Daten angeben [Link Datenschutzerkl\u00e4rung].<\/p>\n\n\n\n<p><\/p>\n<\/div><\/div>\n\n\n\n<div class=\"wp-block-columns is-layout-flex wp-container-core-columns-is-layout-9d6595d7 wp-block-columns-is-layout-flex\">\n<div class=\"wp-block-column is-layout-flow wp-block-column-is-layout-flow\" style=\"flex-basis:100%\">\n<div class=\"wp-block-media-text alignwide is-stacked-on-mobile\" style=\"grid-template-columns:49% auto\"><figure class=\"wp-block-media-text__media\"><img loading=\"lazy\" decoding=\"async\" width=\"1024\" height=\"630\" src=\"https:\/\/metasystemportal-leitungsauskunft.de\/wp-content\/uploads\/2022\/05\/Anmeldung-1024x630.jpg\" alt=\"\" class=\"wp-image-323 size-full\" srcset=\"https:\/\/metasystemportal-leitungsauskunft.de\/wp-content\/uploads\/2022\/05\/Anmeldung-1024x630.jpg 1024w, https:\/\/metasystemportal-leitungsauskunft.de\/wp-content\/uploads\/2022\/05\/Anmeldung-300x185.jpg 300w, https:\/\/metasystemportal-leitungsauskunft.de\/wp-content\/uploads\/2022\/05\/Anmeldung-768x473.jpg 768w, https:\/\/metasystemportal-leitungsauskunft.de\/wp-content\/uploads\/2022\/05\/Anmeldung.jpg 1158w\" sizes=\"auto, (max-width: 1024px) 100vw, 1024px\" \/><\/figure><div class=\"wp-block-media-text__content\">\n<div class=\"wp-block-columns is-layout-flex wp-container-core-columns-is-layout-9d6595d7 wp-block-columns-is-layout-flex\">\n<div class=\"wp-block-column is-layout-flow wp-block-column-is-layout-flow\" style=\"flex-basis:100%\">\n<p>Danach k\u00f6nnen Sie sich mit Ihrer E-Mail-Adresse und Ihrem pers\u00f6nlichen Passwort in unserem Portal anmelden.<\/p>\n<\/div>\n<\/div>\n<\/div><\/div>\n<\/div>\n<\/div>\n\n\n\n<p><br><\/p>\n\n\n\n<h3 class=\"wp-block-heading\">Schritt 2: Angaben zum Bauprojekt<\/h3>\n\n\n\n<div class=\"wp-block-media-text alignwide has-media-on-the-right is-stacked-on-mobile\" style=\"grid-template-columns:auto 48%\"><figure class=\"wp-block-media-text__media\"><img loading=\"lazy\" decoding=\"async\" width=\"553\" height=\"715\" src=\"https:\/\/metasystemportal-leitungsauskunft.de\/wp-content\/uploads\/2022\/05\/Screenshot-Beschreibung-Baumassnahme-1.jpg\" alt=\"\" class=\"wp-image-321 size-full\" srcset=\"https:\/\/metasystemportal-leitungsauskunft.de\/wp-content\/uploads\/2022\/05\/Screenshot-Beschreibung-Baumassnahme-1.jpg 553w, https:\/\/metasystemportal-leitungsauskunft.de\/wp-content\/uploads\/2022\/05\/Screenshot-Beschreibung-Baumassnahme-1-232x300.jpg 232w\" sizes=\"auto, (max-width: 553px) 100vw, 553px\" \/><\/figure><div class=\"wp-block-media-text__content\">\n<p>Nach der Anmeldung k\u00f6nnen Sie detaillierte Angaben zum Bauprojekt machen, wie beispielsweise den genauen Ort, die geplante Bauzeit und besondere Hinweise.<\/p>\n\n\n\n<p>Weiterhin besteht die M\u00f6glichkeit zwischen Bauma\u00dfnahme und Planung zu w\u00e4hlen.<\/p>\n\n\n\n<p><br><\/p>\n<\/div><\/div>\n\n\n\n<p><em><span class=\"has-inline-color has-vivid-red-color\"><\/span><\/em><br><br><\/p>\n\n\n\n<h3 class=\"wp-block-heading\">Schritt 3: Spartenauswahl<\/h3>\n\n\n\n<div class=\"wp-block-media-text alignwide is-stacked-on-mobile\" style=\"grid-template-columns:48% auto\"><figure class=\"wp-block-media-text__media\"><img loading=\"lazy\" decoding=\"async\" width=\"812\" height=\"862\" src=\"https:\/\/metasystemportal-leitungsauskunft.de\/wp-content\/uploads\/2022\/05\/Screenshot-Auswahl-Infrastrukturen-1.jpg\" alt=\"\" class=\"wp-image-322 size-full\" srcset=\"https:\/\/metasystemportal-leitungsauskunft.de\/wp-content\/uploads\/2022\/05\/Screenshot-Auswahl-Infrastrukturen-1.jpg 812w, https:\/\/metasystemportal-leitungsauskunft.de\/wp-content\/uploads\/2022\/05\/Screenshot-Auswahl-Infrastrukturen-1-283x300.jpg 283w, https:\/\/metasystemportal-leitungsauskunft.de\/wp-content\/uploads\/2022\/05\/Screenshot-Auswahl-Infrastrukturen-1-768x815.jpg 768w\" sizes=\"auto, (max-width: 812px) 100vw, 812px\" \/><\/figure><div class=\"wp-block-media-text__content\">\n<div class=\"wp-block-columns is-layout-flex wp-container-core-columns-is-layout-9d6595d7 wp-block-columns-is-layout-flex\">\n<div class=\"wp-block-column is-layout-flow wp-block-column-is-layout-flow\" style=\"flex-basis:100%\">\n<div class=\"wp-block-columns is-layout-flex wp-container-core-columns-is-layout-9d6595d7 wp-block-columns-is-layout-flex\">\n<div class=\"wp-block-column is-layout-flow wp-block-column-is-layout-flow\" style=\"flex-basis:100%\">\n<p>Im dritten Schritt<strong> klicken Sie<\/strong> die <strong>Infrastrukturen<\/strong> an, f\u00fcr die Sie <strong>Leitungsausk\u00fcnfte einfordern<\/strong> m\u00f6chten.<\/p>\n\n\n\n<p>In der Kategorie <strong>Spezialleistungen<\/strong> k\u00f6nnen Sie aus weiteren <strong>komplexen Dienstleistungen<\/strong> w\u00e4hlen die Ihre Bauvorhaben oder Ihre Planung unterst\u00fctzen.<\/p>\n\n\n\n<p>Durch einen Klick auf die<strong> Fragezeichen<\/strong> (rechts von den Dienstleistungen) erhalten Sie <strong>detaillierte Erl\u00e4uterungen<\/strong> einzelner Dienstleistungen.<\/p>\n<\/div>\n<\/div>\n<\/div>\n<\/div>\n<\/div><\/div>\n\n\n\n<p><br><br><\/p>\n\n\n\n<h3 class=\"wp-block-heading\">Schritt 4: Kartenauswahl<\/h3>\n\n\n\n<p><\/p>\n\n\n\n<div class=\"wp-block-group alignwide\"><div class=\"wp-block-group__inner-container is-layout-flow wp-block-group-is-layout-flow\">\n<div class=\"wp-block-columns is-layout-flex wp-container-core-columns-is-layout-9d6595d7 wp-block-columns-is-layout-flex\">\n<div class=\"wp-block-column is-vertically-aligned-bottom is-layout-flow wp-block-column-is-layout-flow\" style=\"flex-basis:100%\">\n<div class=\"wp-block-group alignwide\"><div class=\"wp-block-group__inner-container is-layout-flow wp-block-group-is-layout-flow\">\n<div class=\"wp-block-group\"><div class=\"wp-block-group__inner-container is-layout-flow wp-block-group-is-layout-flow\">\n<div class=\"wp-block-columns is-layout-flex wp-container-core-columns-is-layout-9d6595d7 wp-block-columns-is-layout-flex\">\n<div class=\"wp-block-column is-vertically-aligned-center is-layout-flow wp-block-column-is-layout-flow\" style=\"flex-basis:100%\">\n<div class=\"wp-block-group\"><div class=\"wp-block-group__inner-container is-layout-flow wp-block-group-is-layout-flow\">\n<div class=\"wp-block-columns is-layout-flex wp-container-core-columns-is-layout-9d6595d7 wp-block-columns-is-layout-flex\">\n<div class=\"wp-block-column is-vertically-aligned-bottom is-layout-flow wp-block-column-is-layout-flow\" style=\"flex-basis:100%\">\n<div class=\"wp-block-group\"><div class=\"wp-block-group__inner-container is-layout-flow wp-block-group-is-layout-flow\">\n<div class=\"wp-block-group alignfull\"><div class=\"wp-block-group__inner-container is-layout-flow wp-block-group-is-layout-flow\">\n<div class=\"wp-block-group\"><div class=\"wp-block-group__inner-container is-layout-flow wp-block-group-is-layout-flow\">\n<div class=\"wp-block-group\"><div class=\"wp-block-group__inner-container is-layout-flow wp-block-group-is-layout-flow\">\n<div class=\"wp-block-group\"><div class=\"wp-block-group__inner-container is-layout-flow wp-block-group-is-layout-flow\">\n<div class=\"wp-block-group\"><div class=\"wp-block-group__inner-container is-layout-flow wp-block-group-is-layout-flow\">\n<div class=\"wp-block-columns alignfull are-vertically-aligned-top is-layout-flex wp-container-core-columns-is-layout-9d6595d7 wp-block-columns-is-layout-flex\">\n<div class=\"wp-block-column is-vertically-aligned-top is-layout-flow wp-block-column-is-layout-flow\" style=\"flex-basis:100%\">\n<div class=\"wp-block-columns is-layout-flex wp-container-core-columns-is-layout-9d6595d7 wp-block-columns-is-layout-flex\">\n<div class=\"wp-block-column is-layout-flow wp-block-column-is-layout-flow\" style=\"flex-basis:100%\">\n<div class=\"wp-block-columns is-layout-flex wp-container-core-columns-is-layout-9d6595d7 wp-block-columns-is-layout-flex\">\n<div class=\"wp-block-column is-layout-flow wp-block-column-is-layout-flow\" style=\"flex-basis:100%\">\n<div class=\"wp-block-media-text alignwide has-media-on-the-right is-stacked-on-mobile\"><figure class=\"wp-block-media-text__media\"><img loading=\"lazy\" decoding=\"async\" width=\"957\" height=\"648\" src=\"https:\/\/metasystemportal-leitungsauskunft.de\/wp-content\/uploads\/2022\/05\/Karte-einzeichnen-Polygon-1.jpg\" alt=\"\" class=\"wp-image-324 size-full\" srcset=\"https:\/\/metasystemportal-leitungsauskunft.de\/wp-content\/uploads\/2022\/05\/Karte-einzeichnen-Polygon-1.jpg 957w, https:\/\/metasystemportal-leitungsauskunft.de\/wp-content\/uploads\/2022\/05\/Karte-einzeichnen-Polygon-1-300x203.jpg 300w, https:\/\/metasystemportal-leitungsauskunft.de\/wp-content\/uploads\/2022\/05\/Karte-einzeichnen-Polygon-1-768x520.jpg 768w\" sizes=\"auto, (max-width: 957px) 100vw, 957px\" \/><\/figure><div class=\"wp-block-media-text__content\">\n<p>Ausgehend von Ihren Adressangaben, erscheint das angegebene Gebiet auf einer Karte. Hierauf k\u00f6nnen Sie den f\u00fcr Sie relevanten Bereich mithilfe von verschiedenen Werkzeugen genau markieren.<\/p>\n<\/div><\/div>\n\n\n\n<div class=\"wp-block-media-text alignwide is-stacked-on-mobile\"><figure class=\"wp-block-media-text__media\"><img loading=\"lazy\" decoding=\"async\" width=\"1024\" height=\"706\" src=\"https:\/\/metasystemportal-leitungsauskunft.de\/wp-content\/uploads\/2022\/05\/Karte-einzeichnen-Polygon-3-2-1024x706.jpg\" alt=\"\" class=\"wp-image-329 size-full\" srcset=\"https:\/\/metasystemportal-leitungsauskunft.de\/wp-content\/uploads\/2022\/05\/Karte-einzeichnen-Polygon-3-2-1024x706.jpg 1024w, https:\/\/metasystemportal-leitungsauskunft.de\/wp-content\/uploads\/2022\/05\/Karte-einzeichnen-Polygon-3-2-300x207.jpg 300w, https:\/\/metasystemportal-leitungsauskunft.de\/wp-content\/uploads\/2022\/05\/Karte-einzeichnen-Polygon-3-2-768x530.jpg 768w, https:\/\/metasystemportal-leitungsauskunft.de\/wp-content\/uploads\/2022\/05\/Karte-einzeichnen-Polygon-3-2.jpg 1150w\" sizes=\"auto, (max-width: 1024px) 100vw, 1024px\" \/><\/figure><div class=\"wp-block-media-text__content\">\n<p>Automatismen vereinfachen die Bedienung und sobald das Einzeichen beendet ist (blaue Linie wechselt Farbe zu rot), sichert man die Anfragefl\u00e4che durch Bet\u00e4tigung des &#8222;Karte speichern&#8220; &#8211; Buttons  im Vorgang ab.<\/p>\n<\/div><\/div>\n<\/div>\n<\/div>\n<\/div>\n<\/div>\n<\/div>\n<\/div>\n<\/div><\/div>\n<\/div><\/div>\n<\/div><\/div>\n<\/div><\/div>\n<\/div><\/div>\n<\/div><\/div>\n<\/div>\n<\/div>\n<\/div><\/div>\n<\/div>\n<\/div>\n<\/div><\/div>\n<\/div><\/div>\n<\/div>\n<\/div>\n<\/div><\/div>\n\n\n\n<h3 class=\"wp-block-heading\">Schritt 5: Anfrage mit Dokumenten und Lagepl\u00e4nen etc. erg\u00e4nzen <\/h3>\n\n\n\n<p>Detaillierte Erl\u00e4uterungen und Lagepl\u00e4ne dienen zur zus\u00e4tzlichen Erl\u00e4uterung des Vorhabens. Eine gute deutliche Beschreibung der Ma\u00dfnahme f\u00f6rdert die Ausgabe der Ausk\u00fcnfte durch die Infrastrukturbetreiber.<\/p>\n\n\n\n<figure class=\"wp-block-image size-large\"><img loading=\"lazy\" decoding=\"async\" width=\"1024\" height=\"346\" src=\"https:\/\/metasystemportal-leitungsauskunft.de\/wp-content\/uploads\/2022\/08\/Lageplaene-hochladen-1024x346.jpg\" alt=\"\" class=\"wp-image-518\" srcset=\"https:\/\/metasystemportal-leitungsauskunft.de\/wp-content\/uploads\/2022\/08\/Lageplaene-hochladen-1024x346.jpg 1024w, https:\/\/metasystemportal-leitungsauskunft.de\/wp-content\/uploads\/2022\/08\/Lageplaene-hochladen-300x101.jpg 300w, https:\/\/metasystemportal-leitungsauskunft.de\/wp-content\/uploads\/2022\/08\/Lageplaene-hochladen-768x260.jpg 768w, https:\/\/metasystemportal-leitungsauskunft.de\/wp-content\/uploads\/2022\/08\/Lageplaene-hochladen.jpg 1141w\" sizes=\"auto, (max-width: 1024px) 100vw, 1024px\" \/><\/figure>\n\n\n\n<p class=\"has-text-align-center\"><em><mark>An dieser Stelle k\u00f6nnen Sie zus\u00e4tzlich f\u00fcr das Bauprojekt \/ die Planung relevante Dokumente (z.B. Lagepl\u00e4ne) hochladen.<\/mark><\/em><\/p>\n\n\n\n<p><\/p>\n\n\n\n<div style=\"height:100px\" aria-hidden=\"true\" class=\"wp-block-spacer\"><\/div>\n\n\n\n<p><\/p>\n\n\n\n<h3 class=\"wp-block-heading\">Schritt 6: Angaben \u00fcberpr\u00fcfen, Anfrage herausschicken<\/h3>\n\n\n\n<p class=\"has-text-align-left\">Im letzten Schritt k\u00f6nnen Sie Ihre Angaben noch einmal \u00fcberpr\u00fcfen und bei Bedarf \u00e4ndern. Nach einem Klick auf den Button wird Ihre Anfrage an <br>unsere Mitarbeiterinnen und Mitarbeiter geschickt und Sie erhalten ein auf Ihre Anforderungen individuell zugeschnittenes Angebot (Anker-Link: Unsere Servicezeiten). <br>Das Angebot ist unverbindlich \u2013 erst nach Ihrer ausdr\u00fccklichen Best\u00e4tigung holen wir f\u00fcr Sie alle angeforderten Leitungsausk\u00fcnfte ein.<br><br><\/p>\n\n\n\n<div style=\"height:100px\" aria-hidden=\"true\" class=\"wp-block-spacer\"><\/div>\n\n\n\n<h3 class=\"wp-block-heading\">Schritt 7: Bearbeitungsstand pr\u00fcfen<\/h3>\n\n\n\n<p>Nach der Anmeldung k\u00f6nnen Sie auf einem Blick den Stand der angeforderten Leitungsausk\u00fcnfte pr\u00fcfen und die einzelnen Leitungsausk\u00fcnfte bequem herunterladen.<\/p>\n\n\n\n<figure class=\"wp-block-image size-large\"><img loading=\"lazy\" decoding=\"async\" width=\"1024\" height=\"287\" src=\"https:\/\/metasystemportal-leitungsauskunft.de\/wp-content\/uploads\/2022\/08\/Ueberblick-Vorgaenge-1024x287.jpg\" alt=\"\" class=\"wp-image-514\" srcset=\"https:\/\/metasystemportal-leitungsauskunft.de\/wp-content\/uploads\/2022\/08\/Ueberblick-Vorgaenge-1024x287.jpg 1024w, https:\/\/metasystemportal-leitungsauskunft.de\/wp-content\/uploads\/2022\/08\/Ueberblick-Vorgaenge-300x84.jpg 300w, https:\/\/metasystemportal-leitungsauskunft.de\/wp-content\/uploads\/2022\/08\/Ueberblick-Vorgaenge-768x215.jpg 768w, https:\/\/metasystemportal-leitungsauskunft.de\/wp-content\/uploads\/2022\/08\/Ueberblick-Vorgaenge.jpg 1146w\" sizes=\"auto, (max-width: 1024px) 100vw, 1024px\" \/><\/figure>\n\n\n\n<div style=\"height:111px\" aria-hidden=\"true\" class=\"wp-block-spacer\"><\/div>\n\n\n\n<hr class=\"wp-block-separator aligncenter has-alpha-channel-opacity is-style-wide\"\/>\n\n\n\n<hr class=\"wp-block-separator aligncenter has-alpha-channel-opacity is-style-wide\"\/>\n\n\n\n<div style=\"height:111px\" aria-hidden=\"true\" class=\"wp-block-spacer\"><\/div>\n\n\n\n<h4 class=\"wp-block-heading\">Unsere Servicezeiten:<\/h4>\n\n\n\n<p>Die Mitarbeiterinnen und Mitarbeiter des GeoDatenDienst pr\u00fcfen jede Leitungsauskunft-Anfrage pers\u00f6nlich und genau. Nach Abschicken Ihrer Anfrage erhalten Sie von uns nach sp\u00e4testens 24 Stunden ein auf Ihre Anforderungen zugeschnittenes individuelles Angebot.<\/p>\n\n\n\n<p><strong>Wir stehen Ihnen pers\u00f6nlich zur Verf\u00fcgung<\/strong>:<\/p>\n\n\n\n<p><strong>Montag bis Donnerstag&nbsp;&nbsp;&nbsp;&nbsp;&nbsp;&nbsp;&nbsp;&nbsp;&nbsp;&nbsp;&nbsp;&nbsp;&nbsp;&nbsp;&nbsp;&nbsp;&nbsp;&nbsp;&nbsp;&nbsp;&nbsp;&nbsp;&nbsp;&nbsp;&nbsp;&nbsp;&nbsp;&nbsp;&nbsp;&nbsp;&nbsp;&nbsp;&nbsp;&nbsp;&nbsp;&nbsp;&nbsp;&nbsp; 08:00 Uhr bis 16:00 Uhr<\/strong><\/p>\n\n\n\n<p><br><strong>Freitag<\/strong>                                                                                     <strong>08:00 Uhr bis 14:00 Uhr<\/strong><\/p>\n\n\n\n<h4 class=\"wp-block-heading\">Kontakt:<\/h4>\n\n\n\n<p>Bei Fragen zu unserem Service oder Problemen, stehen wir in den angegebenen Gesch\u00e4ftszeiten gerne zu Ihrer Verf\u00fcgung. Sie erreichen uns telefonisch oder per E-Mail unter<\/p>\n\n\n\n<p>Tel.: <br>+49 (0)3525 657 66 00<\/p>\n\n\n\n<p>Fax.: <br>+49 (0)3525 657 66 09<\/p>\n\n\n\n<p>E-Mail: <br>post@gis-dienst.de<br><\/p>\n","protected":false},"excerpt":{"rendered":"<p>Leitungsauskunft anfordern \u2013 Schritt f\u00fcr Schritt Wenn Sie \u00fcber unser Portal Leitungsausk\u00fcnfte\/Planausk\u00fcnfte\/Trassenausk\u00fcnfte\/Spartenausk\u00fcnfte\/Netzausk\u00fcnfte anfordern m\u00f6chten, funktioniert das schnell und unkompliziert. Mit wenigen Klicks k\u00f6nnen Sie f\u00fcr Ihr Bauprojekt ganz individuell koordinierte Leitungspl\u00e4ne erstellen. Schritt 1: Registrierung\/Anmeldung Bei einer Erstanmeldung ist eine<\/p>\n","protected":false},"author":1,"featured_media":0,"parent":0,"menu_order":0,"comment_status":"closed","ping_status":"closed","template":"","meta":{"footnotes":""},"class_list":["post-70","page","type-page","status-publish","hentry"],"_links":{"self":[{"href":"https:\/\/metasystemportal-leitungsauskunft.de\/wp-json\/wp\/v2\/pages\/70","targetHints":{"allow":["GET"]}}],"collection":[{"href":"https:\/\/metasystemportal-leitungsauskunft.de\/wp-json\/wp\/v2\/pages"}],"about":[{"href":"https:\/\/metasystemportal-leitungsauskunft.de\/wp-json\/wp\/v2\/types\/page"}],"author":[{"embeddable":true,"href":"https:\/\/metasystemportal-leitungsauskunft.de\/wp-json\/wp\/v2\/users\/1"}],"replies":[{"embeddable":true,"href":"https:\/\/metasystemportal-leitungsauskunft.de\/wp-json\/wp\/v2\/comments?post=70"}],"version-history":[{"count":37,"href":"https:\/\/metasystemportal-leitungsauskunft.de\/wp-json\/wp\/v2\/pages\/70\/revisions"}],"predecessor-version":[{"id":528,"href":"https:\/\/metasystemportal-leitungsauskunft.de\/wp-json\/wp\/v2\/pages\/70\/revisions\/528"}],"wp:attachment":[{"href":"https:\/\/metasystemportal-leitungsauskunft.de\/wp-json\/wp\/v2\/media?parent=70"}],"curies":[{"name":"wp","href":"https:\/\/api.w.org\/{rel}","templated":true}]}}