{"id":72,"date":"2020-07-17T06:55:25","date_gmt":"2020-07-17T04:55:25","guid":{"rendered":"https:\/\/metasystemportal-leitungsauskunft.de\/?page_id=72"},"modified":"2022-08-24T17:39:30","modified_gmt":"2022-08-24T15:39:30","slug":"faq","status":"publish","type":"page","link":"https:\/\/metasystemportal-leitungsauskunft.de\/faq\/","title":{"rendered":"FAQ &#8211; H\u00e4ufig gestellte Fragen"},"content":{"rendered":"\n<p>Wir haben f\u00fcr Sie die h\u00e4ufigsten Fragen zum Thema Leitungsauskunft gesammelt. Ausf\u00fchrliche Antworten finden Sie entweder auf den verlinkten Unterseiten oder geb\u00fcndelt in diesem Dokument: <strong><u>H\u00e4ufig gestellte Fragen (FAQ)<\/u><\/strong><\/p>\n\n\n\n<ul class=\"wp-block-list\"><li><a href=\"#wasist\">Was ist eine Leitungsauskunft?<\/a><\/li><li><a href=\"#warumist\">Warum ist eine Leitungsauskunft so wichtig?<\/a><\/li><li><a href=\"#mussich\">Muss ich eine Leitungsauskunft einholen?<\/a><\/li><li><a href=\"#wielange\">Wie lange dauert es, bis meine Leitungsauskunft vorliegt?<\/a><\/li><li><a href=\"#unterschied\">Was ist der Unterschied zwischen einer Leitungsauskunft, Planauskunft, einem Schachtschein etc.?<\/a><\/li><li><a href=\"#wosind\">Wo sind Leitungsausk\u00fcnfte verf\u00fcgbar?<\/a><\/li><li><a href=\"#wozudient\">Wozu dient das GeoDatenDienst-Portal?<\/a><\/li><li><a href=\"#wersteht\">Wer steht hinter dem GeoDatenDienst-Portal?<\/a><\/li><li><a href=\"#wassind\">Was sind die Unterschiede zwischen dem GeoDatenDienst und anderen Dienstleistern f\u00fcr das Anfragen von Leitungsausk\u00fcnften?<\/a><\/li><li><a href=\"#wiekann\">Wie kann ich beim GeoDatenDienst Leitungsausk\u00fcnfte anfordern?<\/a><\/li><li><a href=\"#wieviel\">Wie viel kostet mich das Anfordern einer Leitungsauskunft?<\/a><\/li><\/ul>\n\n\n\n<div class=\"wp-block-group\"><div class=\"wp-block-group__inner-container is-layout-flow wp-block-group-is-layout-flow\">\n<figure class=\"wp-block-image size-large is-resized\"><img loading=\"lazy\" decoding=\"async\" src=\"https:\/\/metasystemportal-leitungsauskunft.de\/wp-content\/uploads\/2022\/06\/AdobeStock_63719139-1024x696.jpeg\" alt=\"\" class=\"wp-image-367\" width=\"512\" height=\"348\" srcset=\"https:\/\/metasystemportal-leitungsauskunft.de\/wp-content\/uploads\/2022\/06\/AdobeStock_63719139-1024x696.jpeg 1024w, https:\/\/metasystemportal-leitungsauskunft.de\/wp-content\/uploads\/2022\/06\/AdobeStock_63719139-300x204.jpeg 300w, https:\/\/metasystemportal-leitungsauskunft.de\/wp-content\/uploads\/2022\/06\/AdobeStock_63719139-768x522.jpeg 768w, https:\/\/metasystemportal-leitungsauskunft.de\/wp-content\/uploads\/2022\/06\/AdobeStock_63719139-1536x1044.jpeg 1536w, https:\/\/metasystemportal-leitungsauskunft.de\/wp-content\/uploads\/2022\/06\/AdobeStock_63719139-2048x1393.jpeg 2048w\" sizes=\"auto, (max-width: 512px) 100vw, 512px\" \/><\/figure>\n<\/div><\/div>\n\n\n\n<h2 class=\"wp-block-heading\" id=\"wasist\"><strong>Was ist eine Leitungsauskunft?<\/strong><\/h2>\n\n\n\n<p>Eine Leitungsauskunft ist eine Karte bzw. ein Plan, worauf Leitungen, Rohre und \u00c4hnliches unter und \u00fcber der Erde aufgezeichnet sind. Dargestellt wird der Bereich, den Sie zuvor angegeben haben.<\/p>\n\n\n\n<div class=\"wp-block-buttons is-layout-flex wp-block-buttons-is-layout-flex\">\n<div class=\"wp-block-button has-custom-font-size has-small-font-size\"><a class=\"wp-block-button__link has-background\" href=\"https:\/\/metasystemportal-leitungsauskunft.de\/was-ist-eine-leitungsauskunft\/\" style=\"background-color:#160bec\" target=\"_blank\" rel=\"noreferrer noopener\">Weiterlesen &#8211; Was ist ist eine Leitungsauskunft?<\/a><\/div>\n<\/div>\n\n\n\n<p class=\"has-white-color has-text-color\">&#8230;<\/p>\n\n\n\n<h2 class=\"wp-block-heading\" id=\"warumist\"><strong>Warum ist eine Leitungsauskunft so wichtig?<\/strong><\/h2>\n\n\n\n<p>Leitungen, Rohre etc. sind gerade im Erdreich weit verbreitet. Eine Besch\u00e4digung dieser kann zu schweren Konsequenzen f\u00fchren, wie beispielsweise Stromausf\u00e4llen. Weiterhin f\u00fchren unvorhergesehene Besch\u00e4digungen von Leitungen und Rohren zu finanziell kostspieligen Baustillst\u00e4nden.<\/p>\n\n\n\n<div class=\"wp-block-buttons is-layout-flex wp-block-buttons-is-layout-flex\">\n<div class=\"wp-block-button has-custom-font-size has-small-font-size\"><a class=\"wp-block-button__link has-background\" style=\"background-color:#160bec\" rel=\"https:\/\/metasystemportal-leitungsauskunft.de\/warum-ist-eine-leitungsauskunft-so-wichtig\/\">Weiterlesen &#8211; Warum Leitungsauskunft wichtig?<\/a><\/div>\n<\/div>\n\n\n\n<div class=\"wp-block-buttons is-layout-flex wp-block-buttons-is-layout-flex\"><\/div>\n\n\n\n<p class=\"has-white-color has-text-color\">..<\/p>\n\n\n\n<h2 class=\"wp-block-heading\" id=\"mussich\"><strong>Muss ich eine Leitungsauskunft einholen?<\/strong><\/h2>\n\n\n\n<p>Nach der Verkehrssicherungspflicht und dem B\u00fcrgerlichen Gesetzbuch \u00a7 823 ff. sind Sie zum Einholen von Leitungsausk\u00fcnften rechtlich verpflichtet.<\/p>\n\n\n\n<p>&nbsp;&nbsp;&nbsp;&nbsp;&nbsp;&nbsp;&nbsp;&nbsp;&nbsp;&nbsp;&nbsp;&nbsp;&nbsp;&nbsp;&nbsp;&nbsp;&nbsp;&nbsp;&nbsp;&nbsp;&nbsp;&nbsp;&nbsp;&nbsp;&nbsp;&nbsp;&nbsp;&nbsp;&nbsp;&nbsp;&nbsp;&nbsp;&nbsp;&nbsp;&nbsp;&nbsp;&nbsp;&nbsp;&nbsp;&nbsp;&nbsp;&nbsp;&nbsp;&nbsp;&nbsp;&nbsp;&nbsp;&nbsp;&nbsp;&nbsp;&nbsp;&nbsp;&nbsp;&nbsp;&nbsp;&nbsp;&nbsp;&nbsp;&nbsp;&nbsp;&nbsp;&nbsp;&nbsp;&nbsp;&nbsp;&nbsp;&nbsp;&nbsp;&nbsp;&nbsp;&nbsp;&nbsp;&nbsp;&nbsp;&nbsp;&nbsp;&nbsp;&nbsp;&nbsp;&nbsp;&nbsp;&nbsp;&nbsp;&nbsp;&nbsp;&nbsp;&nbsp;&nbsp;&nbsp;&nbsp;&nbsp;&nbsp;&nbsp;&nbsp;&nbsp;&nbsp;&nbsp;&nbsp;&nbsp;&nbsp;&nbsp;&nbsp;&nbsp;&nbsp;&nbsp;&nbsp;&nbsp;&nbsp;&nbsp; <a>Button: Rechtliche Verpflichtungen<\/a><a href=\"#_msocom_2\">[R2]<\/a>&nbsp;<\/p>\n\n\n\n<h2 class=\"wp-block-heading\" id=\"wielange\"><strong>Wie lange dauert es, bis eine Leitungsauskunft vorliegt?<\/strong><\/h2>\n\n\n\n<p>Das Einholen einer Leitungsauskunft kann je nach Infrastrukturbetreiber wenige Stunden bis einige Wochen dauern.<\/p>\n\n\n\n<div class=\"wp-block-buttons is-layout-flex wp-block-buttons-is-layout-flex\">\n<div class=\"wp-block-button has-custom-font-size has-small-font-size\"><a class=\"wp-block-button__link has-background\" style=\"background-color:#160bec\" rel=\"https:\/\/metasystemportal-leitungsauskunft.de\/leitungsauskunft-anfordern-oftmals-sehr-zeitaufwaendig\/\">Weiterlesen &#8211; Wie lange dauert es?<\/a><\/div>\n<\/div>\n\n\n\n<p class=\"has-white-color has-text-color\">..<\/p>\n\n\n\n<h2 class=\"wp-block-heading\" id=\"unterschied\"><strong>Was ist der Unterschied zwischen einer Leitungsauskunft, Planauskunft, einem Schachtschein etc.?<\/strong><\/h2>\n\n\n\n<p>Zum einen sind es regionale Bezeichnungen, so ist der Begriff \u201eSchachtschein\u201c eher in den \u00f6stlichen Regionen Deutschlands gebr\u00e4uchlich. Zum anderen meint \u201ePlanauskunft\u201c das Einfordern von Gebietskarten in der Planphase eines Bauprojekts, um zu pr\u00fcfen, wo bereits Leitungen, Rohre, etc. verlegt sind. So wird beispielsweise zun\u00e4chst geplant, wo eine Leitung verlegt werden kann. Begriffe wie \u201eNetzauskunft\u201c beziehen sich auf bestimmte Leitungsarten (in diesem Beispiel ein Infrastruktur-Plan von Stromnetzanbietern).<\/p>\n\n\n\n<p>&nbsp;&nbsp;&nbsp;&nbsp;&nbsp;&nbsp;&nbsp;&nbsp;&nbsp;&nbsp;&nbsp;&nbsp;&nbsp;&nbsp;&nbsp;&nbsp;&nbsp;&nbsp;&nbsp;&nbsp;&nbsp;&nbsp;&nbsp;&nbsp;&nbsp;&nbsp;&nbsp;&nbsp;&nbsp;&nbsp;&nbsp;&nbsp;&nbsp;&nbsp;&nbsp;&nbsp;&nbsp;&nbsp;&nbsp;&nbsp;&nbsp;&nbsp;&nbsp;&nbsp;&nbsp;&nbsp;&nbsp;&nbsp;&nbsp;&nbsp;&nbsp;&nbsp;&nbsp;&nbsp;&nbsp;&nbsp;&nbsp;&nbsp;&nbsp;&nbsp;&nbsp;&nbsp;&nbsp;&nbsp;&nbsp;&nbsp;&nbsp;&nbsp;&nbsp;&nbsp;&nbsp;&nbsp;&nbsp;&nbsp;&nbsp;&nbsp;&nbsp;&nbsp;&nbsp;&nbsp;&nbsp;&nbsp;&nbsp;&nbsp;&nbsp;&nbsp;&nbsp;&nbsp;&nbsp;&nbsp;&nbsp;&nbsp;&nbsp;&nbsp;&nbsp;&nbsp;&nbsp;&nbsp;&nbsp;&nbsp;&nbsp;&nbsp;&nbsp;&nbsp;&nbsp;&nbsp;&nbsp;&nbsp;&nbsp; <a>Button: Leitungsauskunft \u2013 Unterschiede<\/a><a href=\"#_msocom_4\">[R4]<\/a>&nbsp;<\/p>\n\n\n\n<h2 class=\"wp-block-heading\" id=\"wosind\"><strong>Wo sind Leitungsausk\u00fcnfte verf\u00fcgbar?<\/strong><\/h2>\n\n\n\n<p>Das Einholen von Leitungsausk\u00fcnften (bzw. Schachtscheinen oder Planausk\u00fcnften) ist beim GeoDatenDienst-Portal bundesweit m\u00f6glich.<\/p>\n\n\n\n<div class=\"wp-block-buttons is-layout-flex wp-block-buttons-is-layout-flex\">\n<div class=\"wp-block-button has-custom-font-size has-small-font-size\"><a class=\"wp-block-button__link has-background\" style=\"background-color:#160bec\" rel=\"https:\/\/metasystemportal-leitungsauskunft.de\/in-welchen-regionen-sind-leitungsauskuenfte-verfuegbar\/\">Weiterlesen &#8211; Wo sind Leitungsausk\u00fcnfte verf\u00fcgbar?<\/a><\/div>\n<\/div>\n\n\n\n<p class=\"has-white-color has-text-color\">&nbsp;&nbsp;&nbsp;&nbsp;&nbsp;&nbsp;&nbsp;&nbsp;&nbsp;&nbsp;&nbsp;&nbsp;&nbsp;&nbsp;&nbsp;&nbsp;&nbsp;&nbsp;&nbsp;&nbsp;&nbsp;&nbsp;&nbsp;&nbsp;&nbsp;&nbsp;&nbsp;&nbsp;&nbsp;&nbsp;&nbsp;&nbsp;&nbsp;&nbsp;&nbsp;&nbsp;&nbsp;&nbsp;&nbsp;&nbsp;&nbsp;&nbsp;&nbsp;&nbsp;&nbsp;&nbsp;&nbsp;&nbsp;&nbsp;&nbsp;&nbsp;&nbsp;&nbsp;&nbsp;&nbsp;&nbsp;&nbsp;&nbsp;&nbsp;&nbsp;&nbsp;&nbsp;&nbsp;&nbsp;&nbsp;&nbsp;&nbsp;&nbsp;&nbsp;&nbsp;&nbsp;&nbsp;&nbsp;&nbsp;&nbsp;&nbsp;&nbsp;&nbsp;&nbsp;&nbsp;&nbsp;&nbsp;&nbsp;&nbsp;&nbsp;<\/p>\n\n\n\n<h2 class=\"wp-block-heading\" id=\"wozudient\"><strong>Wozu dient das GeoDatenDienst-Portal?<\/strong><\/h2>\n\n\n\n<p>Das GeoDatenDienst-Portal ist ein Dienstleister, der f\u00fcr Ihr Bauprojekt alle von Ihnen angeforderten Leitungsausk\u00fcnfte einholt.<\/p>\n\n\n\n<div class=\"wp-block-buttons is-layout-flex wp-block-buttons-is-layout-flex\">\n<div class=\"wp-block-button has-custom-font-size has-small-font-size\"><a class=\"wp-block-button__link has-background\" style=\"background-color:#160bec\" rel=\"https:\/\/metasystemportal-leitungsauskunft.de\/unsere-dienstleistungen\/\">Weiterlesen &#8211; Wozu dient das Geodatendienst &#8211; Portal?<\/a><\/div>\n<\/div>\n\n\n\n<p class=\"has-white-color has-text-color\">..<\/p>\n\n\n\n<h2 class=\"wp-block-heading\" id=\"wersteht\"><strong><em>Wer steht hinter dem GeoDatenDienst-Portal?<\/em><\/strong><\/h2>\n\n\n\n<p><em>Die GIS-Dienst GmbH, die seit Ihrer\u00a0 Gr\u00fcndung ingenieurtechnische Planungen und Vermessungen im Tiefbau ausf\u00fchrt und somit auch den gesamten Planungs- und Bauprozess kennt.<\/em><\/p>\n\n\n\n<div class=\"wp-block-buttons is-layout-flex wp-block-buttons-is-layout-flex\">\n<div class=\"wp-block-button has-custom-font-size has-small-font-size\"><a class=\"wp-block-button__link has-background\" style=\"background-color:#160bec\" rel=\"https:\/\/metasystemportal-leitungsauskunft.de\/ueber-uns-2\/\">Weiterlesen &#8211; Wer sind wir?<\/a><\/div>\n<\/div>\n\n\n\n<p class=\"has-white-color has-text-color\">&nbsp;&nbsp;&nbsp;&nbsp;&nbsp;&nbsp;&nbsp;&nbsp;&nbsp;&nbsp;&nbsp;&nbsp;&nbsp;&nbsp;&nbsp;&nbsp;&nbsp;&nbsp;&nbsp;&nbsp;&nbsp;&nbsp;&nbsp;&nbsp;&nbsp;&nbsp;&nbsp;&nbsp;&nbsp;&nbsp;&nbsp;&nbsp;&nbsp;&nbsp;&nbsp;&nbsp;&nbsp;&nbsp;&nbsp;&nbsp;&nbsp;&nbsp;&nbsp;&nbsp;&nbsp;&nbsp;&nbsp;&nbsp;&nbsp;&nbsp;&nbsp;&nbsp;&nbsp;&nbsp;&nbsp;&nbsp;&nbsp;&nbsp;&nbsp;&nbsp;&nbsp;&nbsp;&nbsp;&nbsp;&nbsp;&nbsp;..&nbsp;&nbsp;&nbsp;&nbsp;&nbsp;&nbsp;&nbsp;&nbsp;&nbsp;&nbsp;&nbsp;&nbsp;&nbsp;&nbsp;&nbsp;&nbsp;&nbsp;&nbsp;&nbsp;&nbsp;&nbsp;&nbsp;&nbsp;&nbsp;&nbsp;&nbsp;&nbsp;&nbsp;&nbsp;&nbsp;&nbsp;&nbsp;&nbsp;&nbsp;&nbsp;&nbsp;&nbsp;&nbsp;&nbsp;&nbsp;&nbsp;&nbsp;&nbsp;<\/p>\n\n\n\n<h2 class=\"wp-block-heading\" id=\"wassind\"><strong>Was sind die Unterschiede zwischen dem GeoDatenDienst und anderen Dienstleistern f\u00fcr das Anfragen von Leitungsausk\u00fcnften?<\/strong><\/h2>\n\n\n\n<p>Der GeoDatenDienst versteht sich als Volldienstleister f\u00fcr Ihr Anliegen: Wir maximieren die Wahrscheinlichkeit, dass Ihnen am Ende alle geforderten Leitungsausk\u00fcnfte vorliegen und \u00fcbernehmen alle hierf\u00fcr notwendigen Telefonate und den gesamten Mailverkehr. Die Wahrscheinlichkeit einer \u00dcberraschung in Form einer unerwarteten Leitung wird somit minimiert.<\/p>\n\n\n\n<div class=\"wp-block-buttons is-layout-flex wp-block-buttons-is-layout-flex\">\n<div class=\"wp-block-button has-custom-font-size has-small-font-size\"><a class=\"wp-block-button__link has-background\" style=\"background-color:#160bec\" rel=\"https:\/\/metasystemportal-leitungsauskunft.de\/unsere-dienstleistungen\/\">Weiterlesen &#8211; Was unterscheidet uns von anderen Dienstleistern?<\/a><\/div>\n<\/div>\n\n\n\n<p class=\"has-white-color has-text-color\">..<\/p>\n\n\n\n<h2 class=\"wp-block-heading\" id=\"wiekann\"><strong>Wie kann ich beim GeoDatenDienst Leitungsausk\u00fcnfte anfordern?<\/strong><\/h2>\n\n\n\n<p>Nach einer einmaligen Registrierung k\u00f6nnen Sie Schritt f\u00fcr Schritt und mit wenigen Klicks alle notwendigen Angaben zu Ihrem Projekt und Ihre gew\u00fcnschten Sparten zur Leitungsauskunft-Einholung angeben. Wir schicken Ihnen ein individuelles Angebot und machen uns \u2013 sobald Sie ihre ausdr\u00fcckliche Best\u00e4tigung gegeben haben \u2013 an die Arbeit.<\/p>\n\n\n\n<div class=\"wp-block-buttons is-layout-flex wp-block-buttons-is-layout-flex\">\n<div class=\"wp-block-button has-custom-font-size has-small-font-size\"><a class=\"wp-block-button__link has-background\" style=\"background-color:#160bec\" rel=\"https:\/\/metasystemportal-leitungsauskunft.de\/schritt-fuer-schritt\/\">Weiterlesen &#8211; Wie Leitungsausk\u00fcnfte anfordern?<\/a><\/div>\n<\/div>\n\n\n\n<p class=\"has-white-color has-text-color\">..<\/p>\n\n\n\n<h2 class=\"wp-block-heading\" id=\"wieviel\"><strong>Wie viel kostet mich das Anfordern einer Leitungsauskunft?<\/strong><\/h2>\n\n\n\n<p>Sie haben kein Kostenrisiko &#8211; Sie erhalten ein individuelles Angebot entsprechend Ihrer Anfrage. <\/p>\n","protected":false},"excerpt":{"rendered":"<p>Wir haben f\u00fcr Sie die h\u00e4ufigsten Fragen zum Thema Leitungsauskunft gesammelt. Ausf\u00fchrliche Antworten finden Sie entweder auf den verlinkten Unterseiten oder geb\u00fcndelt in diesem Dokument: H\u00e4ufig gestellte Fragen (FAQ) Was ist eine Leitungsauskunft? Warum ist eine Leitungsauskunft so wichtig? Muss<\/p>\n","protected":false},"author":1,"featured_media":0,"parent":0,"menu_order":0,"comment_status":"closed","ping_status":"closed","template":"","meta":{"footnotes":""},"class_list":["post-72","page","type-page","status-publish","hentry"],"_links":{"self":[{"href":"https:\/\/metasystemportal-leitungsauskunft.de\/wp-json\/wp\/v2\/pages\/72","targetHints":{"allow":["GET"]}}],"collection":[{"href":"https:\/\/metasystemportal-leitungsauskunft.de\/wp-json\/wp\/v2\/pages"}],"about":[{"href":"https:\/\/metasystemportal-leitungsauskunft.de\/wp-json\/wp\/v2\/types\/page"}],"author":[{"embeddable":true,"href":"https:\/\/metasystemportal-leitungsauskunft.de\/wp-json\/wp\/v2\/users\/1"}],"replies":[{"embeddable":true,"href":"https:\/\/metasystemportal-leitungsauskunft.de\/wp-json\/wp\/v2\/comments?post=72"}],"version-history":[{"count":29,"href":"https:\/\/metasystemportal-leitungsauskunft.de\/wp-json\/wp\/v2\/pages\/72\/revisions"}],"predecessor-version":[{"id":532,"href":"https:\/\/metasystemportal-leitungsauskunft.de\/wp-json\/wp\/v2\/pages\/72\/revisions\/532"}],"wp:attachment":[{"href":"https:\/\/metasystemportal-leitungsauskunft.de\/wp-json\/wp\/v2\/media?parent=72"}],"curies":[{"name":"wp","href":"https:\/\/api.w.org\/{rel}","templated":true}]}}